{"id":87,"date":"2018-10-01T16:25:29","date_gmt":"2018-10-01T16:25:29","guid":{"rendered":"https:\/\/zupnija-menges.rkc.si\/?page_id=87"},"modified":"2018-10-01T16:25:29","modified_gmt":"2018-10-01T16:25:29","slug":"piskotki","status":"publish","type":"page","link":"https:\/\/zupnija-menges.rkc.si\/index.php\/piskotki\/","title":{"rendered":"Pi\u0161kotki"},"content":{"rendered":"<div id=\"cc-notification\" class=\"cc-monochrome cc-push\">\n<h5>Politika glede pi\u0161kotov<\/h5>\n<p>Pi\u0161koti so besedilne datoteke, ki vsebujejo majhne koli\u010dine informacij. Uporablja jih ve\u010dina kompleksnej\u0161ih spletnih strani. Spletna stran tak\u0161no datoteko ob obisku shrani na obiskoval\u010devo napravo. Ta nato pi\u0161kot ob vsakem naslednjem obisku po\u0161lje nazaj na izvorno stran ali na drugo spletno stran, ki ta pi\u0161kot prepozna. Pi\u0161koti so koristni, saj spletni strani omogo\u010dijo prepoznati konkretno napravo, pri delovanju strani pa imajo razli\u010dne vloge. Med njimi so shranjevanje podatkov o stanju posamezne strani, denimo izbira jezika, pa pomo\u010d pri zbiranju podatkov o navadah spletnih uporabnikov, denimo \u0161tevilo obiskov, uporabniku zanimiva vsebina itd. S pi\u0161koti sku\u0161amo izbolj\u0161ati va\u0161o uporabni\u0161ko izku\u0161njo in oceniti, kako u\u010dinkovito je spletna stran zasnovana.<\/p>\n<p>Nobeden od pi\u0161kotov, ki jih uporabljamo na tej spletni strani, ne zbira podatkov, s katerimi bi vas bilo mogo\u010de osebno prepoznati.<\/p>\n<p>Upo\u0161tevajte, da se z nadaljnjo uporabo te spletne strani z na\u0161o rabo pi\u0161kotov strinjate.<\/p>\n<p>\u017dupnija Ljubljana Sveti Kri\u017e na svojih spletnih straneh uporablja programsko opremo Google Analytics. To je spletno-analiti\u010dna storitev podjetja Google, ki pi\u0161kote uporablja za ocenjevanje obiska spletne strani in za s tem povezano analizo \u2013 za \u0161tetje obiskovalcev, identifikacijo brskalnikov in klju\u010dnih besed, ki vodijo na mesto, ter problemov pri navigaciji. Podatki, pridobljeni s pi\u0161koti, so anonimni in se ne povezujejo z osebnimi podatki. Uporabljajo se izklju\u010dno za potrebe \u017eupnije in jih ne posredujemo tretjim osebam.<\/p>\n<p>Vrste pi\u0161kotov, ki jih uporabljamo, so\u00a0<em>_utma \u2026 _utmd.\u00a0<\/em>(Izvor: Google.\u00a0Namen: pi\u0161kote nastavi orodje Google Analytics in omogo\u010dajo pregled statistike spletnega mesta.\u00a0Trajanje: do dve leti.)<\/p>\n<h5>Izjava o varovanju zasebnosti in uporaba pi\u0161kotov na na\u0161i spletni strani<\/h5>\n<p>Pi\u0161kotov nikakor ne bomo uporabljali za zbiranje osebno dolo\u010dljivih podatkov. Pri prvem obisku spletne strani vas z obvestilom seznanimo z uporabo pi\u0161kotov in z mo\u017enostjo izklopa.<\/p>\n<h5>Izklop pi\u0161kotov za vse spletne strani<\/h5>\n<p>Ve\u010dina brskalnikov omogo\u010da, da sprejmete ali zavrnete vse pi\u0161kote, da sprejmete ali zavrnete le dolo\u010dene vrste pi\u0161kotov ali si nastavite opozorilo, da stran \u017eeli shraniti pi\u0161kot na va\u0161 ra\u010dunalnik ali telefon. Izbri\u0161ete lahko tudi pi\u0161kote, ki jih je brskalnik \u017ee shranil na va\u0161i napravi, ali jih blokirate pri shranjevanju te informacije. To je obi\u010dajno pri brskalniku mogo\u010de najti v \u00bbMo\u017enostih menija\u00ab v razdelku \u00bbZasebnost\u00ab. Navodila boste v svojem brskalniku na\u0161li v meniju \u00bbPomo\u010d\u00ab, lahko pa obi\u0161\u010dete tudi stran\u00a0<a href=\"http:\/\/www.allaboutcookies.org\/\">www.allaboutcookies.org<\/a>, ki postopek nazorno razlo\u017ei. \u010ce boste pi\u0161kote v celoti izklopili, morda katera izmed funkcionalnosti na spletni strani ne bo delovala enako u\u010dinkovito. Ve\u010d o pi\u0161kotih si lahko v sloven\u0161\u010dini preberete tudi v\u00a0<a href=\"https:\/\/www.ip-rs.si\/varstvo-osebnih-podatkov\/informacijske-tehnologije-in-osebni-podatki\/piskotki-odgovori-na-pogosta-vprasanja\/\">smernicah informacijskega poobla\u0161\u010denca<\/a>. In \u010de imate radi okorno napravljene risanke, si lahko\u00a0<a href=\"https:\/\/www.youtube.com\/watch?v=IPQhME1UYQU\">ogledate tole<\/a>.<\/p>\n<p>To informacijo vam posredujemo zaradi zavezanosti zakonodaji na podro\u010dju ozave\u0161\u010danja o uporabi pi\u0161kotov, tako da boste razumeli, kaj in kateri so pi\u0161koti, ki jih uporabljamo, in zakaj jih uporabljamo. Upravljalec pi\u0161kotov je \u017dupnija Ljubljana Sveti Kri\u017e.<\/p>\n<h5>Vpra\u0161anja in prito\u017ebe<\/h5>\n<p>\u010ce imate vpra\u0161anje ali prito\u017ebo v zvezi z na\u0161o politiko glede pi\u0161kotov ali vas zanima, kako uporabljamo osebne podatke, ki jih imamo o vas, vas vabimo, da nam pi\u0161ete na ljubljana.sveti.kriz@gmail.com<\/p>\n<\/div>\n","protected":false},"excerpt":{"rendered":"<p>Politika glede pi\u0161kotov Pi\u0161koti so besedilne datoteke, ki vsebujejo majhne koli\u010dine informacij. Uporablja jih ve\u010dina kompleksnej\u0161ih spletnih strani. Spletna stran tak\u0161no datoteko ob obisku shrani na obiskoval\u010devo napravo. Ta nato [&hellip;]<\/p>\n","protected":false},"author":2,"featured_media":0,"parent":0,"menu_order":0,"comment_status":"closed","ping_status":"closed","template":"","meta":[],"yoast_head":"<!-- This site is optimized with the Yoast SEO plugin v20.5 - https:\/\/yoast.com\/wordpress\/plugins\/seo\/ -->\n<title>Pi\u0161kotki - \u017dupnija Menge\u0161<\/title>\n<meta name=\"robots\" content=\"index, follow, max-snippet:-1, max-image-preview:large, max-video-preview:-1\" \/>\n<link rel=\"canonical\" href=\"https:\/\/zupnija-menges.rkc.si\/index.php\/piskotki\/\" \/>\n<meta property=\"og:locale\" content=\"sl_SI\" \/>\n<meta property=\"og:type\" content=\"article\" \/>\n<meta property=\"og:title\" content=\"Pi\u0161kotki - \u017dupnija Menge\u0161\" \/>\n<meta property=\"og:description\" content=\"Politika glede pi\u0161kotov Pi\u0161koti so besedilne datoteke, ki vsebujejo majhne koli\u010dine informacij. Uporablja jih ve\u010dina kompleksnej\u0161ih spletnih strani. Spletna stran tak\u0161no datoteko ob obisku shrani na obiskoval\u010devo napravo. Ta nato [&hellip;]\" \/>\n<meta property=\"og:url\" content=\"https:\/\/zupnija-menges.rkc.si\/index.php\/piskotki\/\" \/>\n<meta property=\"og:site_name\" content=\"\u017dupnija Menge\u0161\" \/>\n<meta name=\"twitter:card\" content=\"summary_large_image\" \/>\n<meta name=\"twitter:label1\" content=\"Est. reading time\" \/>\n\t<meta name=\"twitter:data1\" content=\"3 minute\" \/>\n<script type=\"application\/ld+json\" class=\"yoast-schema-graph\">{\"@context\":\"https:\/\/schema.org\",\"@graph\":[{\"@type\":\"WebPage\",\"@id\":\"https:\/\/zupnija-menges.rkc.si\/index.php\/piskotki\/\",\"url\":\"https:\/\/zupnija-menges.rkc.si\/index.php\/piskotki\/\",\"name\":\"Pi\u0161kotki - \u017dupnija Menge\u0161\",\"isPartOf\":{\"@id\":\"https:\/\/zupnija-menges.rkc.si\/#website\"},\"datePublished\":\"2018-10-01T16:25:29+00:00\",\"dateModified\":\"2018-10-01T16:25:29+00:00\",\"breadcrumb\":{\"@id\":\"https:\/\/zupnija-menges.rkc.si\/index.php\/piskotki\/#breadcrumb\"},\"inLanguage\":\"sl-SI\",\"potentialAction\":[{\"@type\":\"ReadAction\",\"target\":[\"https:\/\/zupnija-menges.rkc.si\/index.php\/piskotki\/\"]}]},{\"@type\":\"BreadcrumbList\",\"@id\":\"https:\/\/zupnija-menges.rkc.si\/index.php\/piskotki\/#breadcrumb\",\"itemListElement\":[{\"@type\":\"ListItem\",\"position\":1,\"name\":\"Home\",\"item\":\"https:\/\/zupnija-menges.rkc.si\/\"},{\"@type\":\"ListItem\",\"position\":2,\"name\":\"Pi\u0161kotki\"}]},{\"@type\":\"WebSite\",\"@id\":\"https:\/\/zupnija-menges.rkc.si\/#website\",\"url\":\"https:\/\/zupnija-menges.rkc.si\/\",\"name\":\"\u017dupnija Menge\u0161\",\"description\":\"\",\"potentialAction\":[{\"@type\":\"SearchAction\",\"target\":{\"@type\":\"EntryPoint\",\"urlTemplate\":\"https:\/\/zupnija-menges.rkc.si\/?s={search_term_string}\"},\"query-input\":\"required name=search_term_string\"}],\"inLanguage\":\"sl-SI\"}]}<\/script>\n<!-- \/ Yoast SEO plugin. -->","yoast_head_json":{"title":"Pi\u0161kotki - \u017dupnija Menge\u0161","robots":{"index":"index","follow":"follow","max-snippet":"max-snippet:-1","max-image-preview":"max-image-preview:large","max-video-preview":"max-video-preview:-1"},"canonical":"https:\/\/zupnija-menges.rkc.si\/index.php\/piskotki\/","og_locale":"sl_SI","og_type":"article","og_title":"Pi\u0161kotki - \u017dupnija Menge\u0161","og_description":"Politika glede pi\u0161kotov Pi\u0161koti so besedilne datoteke, ki vsebujejo majhne koli\u010dine informacij. Uporablja jih ve\u010dina kompleksnej\u0161ih spletnih strani. Spletna stran tak\u0161no datoteko ob obisku shrani na obiskoval\u010devo napravo. Ta nato [&hellip;]","og_url":"https:\/\/zupnija-menges.rkc.si\/index.php\/piskotki\/","og_site_name":"\u017dupnija Menge\u0161","twitter_card":"summary_large_image","twitter_misc":{"Est. reading time":"3 minute"},"schema":{"@context":"https:\/\/schema.org","@graph":[{"@type":"WebPage","@id":"https:\/\/zupnija-menges.rkc.si\/index.php\/piskotki\/","url":"https:\/\/zupnija-menges.rkc.si\/index.php\/piskotki\/","name":"Pi\u0161kotki - \u017dupnija Menge\u0161","isPartOf":{"@id":"https:\/\/zupnija-menges.rkc.si\/#website"},"datePublished":"2018-10-01T16:25:29+00:00","dateModified":"2018-10-01T16:25:29+00:00","breadcrumb":{"@id":"https:\/\/zupnija-menges.rkc.si\/index.php\/piskotki\/#breadcrumb"},"inLanguage":"sl-SI","potentialAction":[{"@type":"ReadAction","target":["https:\/\/zupnija-menges.rkc.si\/index.php\/piskotki\/"]}]},{"@type":"BreadcrumbList","@id":"https:\/\/zupnija-menges.rkc.si\/index.php\/piskotki\/#breadcrumb","itemListElement":[{"@type":"ListItem","position":1,"name":"Home","item":"https:\/\/zupnija-menges.rkc.si\/"},{"@type":"ListItem","position":2,"name":"Pi\u0161kotki"}]},{"@type":"WebSite","@id":"https:\/\/zupnija-menges.rkc.si\/#website","url":"https:\/\/zupnija-menges.rkc.si\/","name":"\u017dupnija Menge\u0161","description":"","potentialAction":[{"@type":"SearchAction","target":{"@type":"EntryPoint","urlTemplate":"https:\/\/zupnija-menges.rkc.si\/?s={search_term_string}"},"query-input":"required name=search_term_string"}],"inLanguage":"sl-SI"}]}},"_links":{"self":[{"href":"https:\/\/zupnija-menges.rkc.si\/index.php\/wp-json\/wp\/v2\/pages\/87"}],"collection":[{"href":"https:\/\/zupnija-menges.rkc.si\/index.php\/wp-json\/wp\/v2\/pages"}],"about":[{"href":"https:\/\/zupnija-menges.rkc.si\/index.php\/wp-json\/wp\/v2\/types\/page"}],"author":[{"embeddable":true,"href":"https:\/\/zupnija-menges.rkc.si\/index.php\/wp-json\/wp\/v2\/users\/2"}],"replies":[{"embeddable":true,"href":"https:\/\/zupnija-menges.rkc.si\/index.php\/wp-json\/wp\/v2\/comments?post=87"}],"version-history":[{"count":1,"href":"https:\/\/zupnija-menges.rkc.si\/index.php\/wp-json\/wp\/v2\/pages\/87\/revisions"}],"predecessor-version":[{"id":88,"href":"https:\/\/zupnija-menges.rkc.si\/index.php\/wp-json\/wp\/v2\/pages\/87\/revisions\/88"}],"wp:attachment":[{"href":"https:\/\/zupnija-menges.rkc.si\/index.php\/wp-json\/wp\/v2\/media?parent=87"}],"curies":[{"name":"wp","href":"https:\/\/api.w.org\/{rel}","templated":true}]}}