{"id":55,"date":"2018-10-01T16:04:57","date_gmt":"2018-10-01T16:04:57","guid":{"rendered":"https:\/\/zupnija-menges.rkc.si\/?page_id=55"},"modified":"2022-04-01T16:08:43","modified_gmt":"2022-04-01T16:08:43","slug":"pevski-zbori","status":"publish","type":"page","link":"https:\/\/zupnija-menges.rkc.si\/index.php\/dejavnosti-in-skupine\/zupnijskisodelavci\/pevski-zbori\/","title":{"rendered":"Pevski zbori"},"content":{"rendered":"<p><span style=\"font-weight: 400;\"><strong>Otro\u0161ki pevski zbor Angel\u010dki<\/strong>: sreda od 18.00 do 18.45<\/span><span style=\"font-weight: 400;\">\u00a0<br \/>(Ne\u017ea Hribar, Jo\u0161t Levec)<br \/><\/span><\/p>\n\n\n<p><strong>Mladinski pevski zbor<\/strong>: petek od 18.30 do 20.00<br>(Tomas Mejias)<\/p>\n\n\n\n<p><strong>Vokalno-in\u0161trumentalna skupina sv. Mihaela<\/strong>: torek ob 19.30<br>(Franc Kompare, Uro\u0161 Urbanija)<\/p>\n\n\n\n<p><strong>Mlaj\u0161i me\u0161ani pevski zbor<\/strong>: torek ob 20.00 in nedelja ob 9.00<br>(Ne\u017ea Hribar, Andrej \u0160krlep)<\/p>\n\n\n\n<p><strong>Me\u0161ani pevski zbor sv. Mihaela<\/strong>: \u010detrtek ob 20.00<br>(Andrej Levec, Ana Ke\u0161nar)<\/p>\n","protected":false},"excerpt":{"rendered":"<p>Otro\u0161ki pevski zbor Angel\u010dki: sreda od 18.00 do 18.45\u00a0(Ne\u017ea Hribar, Jo\u0161t Levec) Mladinski pevski zbor: petek od 18.30 do 20.00(Tomas Mejias) Vokalno-in\u0161trumentalna skupina sv. Mihaela: torek ob 19.30(Franc Kompare, Uro\u0161 [&hellip;]<\/p>\n","protected":false},"author":2,"featured_media":0,"parent":92,"menu_order":0,"comment_status":"closed","ping_status":"closed","template":"","meta":[],"yoast_head":"<!-- This site is optimized with the Yoast SEO plugin v20.5 - https:\/\/yoast.com\/wordpress\/plugins\/seo\/ -->\n<title>Pevski zbori - \u017dupnija Menge\u0161<\/title>\n<meta name=\"robots\" content=\"index, follow, max-snippet:-1, max-image-preview:large, max-video-preview:-1\" \/>\n<link rel=\"canonical\" href=\"https:\/\/zupnija-menges.rkc.si\/index.php\/dejavnosti-in-skupine\/zupnijskisodelavci\/pevski-zbori\/\" \/>\n<meta property=\"og:locale\" content=\"sl_SI\" \/>\n<meta property=\"og:type\" content=\"article\" \/>\n<meta property=\"og:title\" content=\"Pevski zbori - \u017dupnija Menge\u0161\" \/>\n<meta property=\"og:description\" content=\"Otro\u0161ki pevski zbor Angel\u010dki: sreda od 18.00 do 18.45\u00a0(Ne\u017ea Hribar, Jo\u0161t Levec) Mladinski pevski zbor: petek od 18.30 do 20.00(Tomas Mejias) Vokalno-in\u0161trumentalna skupina sv. Mihaela: torek ob 19.30(Franc Kompare, Uro\u0161 [&hellip;]\" \/>\n<meta property=\"og:url\" content=\"https:\/\/zupnija-menges.rkc.si\/index.php\/dejavnosti-in-skupine\/zupnijskisodelavci\/pevski-zbori\/\" \/>\n<meta property=\"og:site_name\" content=\"\u017dupnija Menge\u0161\" \/>\n<meta property=\"article:modified_time\" content=\"2022-04-01T16:08:43+00:00\" \/>\n<meta name=\"twitter:card\" content=\"summary_large_image\" \/>\n<script type=\"application\/ld+json\" class=\"yoast-schema-graph\">{\"@context\":\"https:\/\/schema.org\",\"@graph\":[{\"@type\":\"WebPage\",\"@id\":\"https:\/\/zupnija-menges.rkc.si\/index.php\/dejavnosti-in-skupine\/zupnijskisodelavci\/pevski-zbori\/\",\"url\":\"https:\/\/zupnija-menges.rkc.si\/index.php\/dejavnosti-in-skupine\/zupnijskisodelavci\/pevski-zbori\/\",\"name\":\"Pevski zbori - \u017dupnija Menge\u0161\",\"isPartOf\":{\"@id\":\"https:\/\/zupnija-menges.rkc.si\/#website\"},\"datePublished\":\"2018-10-01T16:04:57+00:00\",\"dateModified\":\"2022-04-01T16:08:43+00:00\",\"breadcrumb\":{\"@id\":\"https:\/\/zupnija-menges.rkc.si\/index.php\/dejavnosti-in-skupine\/zupnijskisodelavci\/pevski-zbori\/#breadcrumb\"},\"inLanguage\":\"sl-SI\",\"potentialAction\":[{\"@type\":\"ReadAction\",\"target\":[\"https:\/\/zupnija-menges.rkc.si\/index.php\/dejavnosti-in-skupine\/zupnijskisodelavci\/pevski-zbori\/\"]}]},{\"@type\":\"BreadcrumbList\",\"@id\":\"https:\/\/zupnija-menges.rkc.si\/index.php\/dejavnosti-in-skupine\/zupnijskisodelavci\/pevski-zbori\/#breadcrumb\",\"itemListElement\":[{\"@type\":\"ListItem\",\"position\":1,\"name\":\"Home\",\"item\":\"https:\/\/zupnija-menges.rkc.si\/\"},{\"@type\":\"ListItem\",\"position\":2,\"name\":\"Pastorala\",\"item\":\"https:\/\/zupnija-menges.rkc.si\/index.php\/dejavnosti-in-skupine\/\"},{\"@type\":\"ListItem\",\"position\":3,\"name\":\"\u017dupnijski sodelavci\",\"item\":\"https:\/\/zupnija-menges.rkc.si\/index.php\/dejavnosti-in-skupine\/zupnijskisodelavci\/\"},{\"@type\":\"ListItem\",\"position\":4,\"name\":\"Pevski zbori\"}]},{\"@type\":\"WebSite\",\"@id\":\"https:\/\/zupnija-menges.rkc.si\/#website\",\"url\":\"https:\/\/zupnija-menges.rkc.si\/\",\"name\":\"\u017dupnija Menge\u0161\",\"description\":\"\",\"potentialAction\":[{\"@type\":\"SearchAction\",\"target\":{\"@type\":\"EntryPoint\",\"urlTemplate\":\"https:\/\/zupnija-menges.rkc.si\/?s={search_term_string}\"},\"query-input\":\"required name=search_term_string\"}],\"inLanguage\":\"sl-SI\"}]}<\/script>\n<!-- \/ Yoast SEO plugin. -->","yoast_head_json":{"title":"Pevski zbori - \u017dupnija Menge\u0161","robots":{"index":"index","follow":"follow","max-snippet":"max-snippet:-1","max-image-preview":"max-image-preview:large","max-video-preview":"max-video-preview:-1"},"canonical":"https:\/\/zupnija-menges.rkc.si\/index.php\/dejavnosti-in-skupine\/zupnijskisodelavci\/pevski-zbori\/","og_locale":"sl_SI","og_type":"article","og_title":"Pevski zbori - \u017dupnija Menge\u0161","og_description":"Otro\u0161ki pevski zbor Angel\u010dki: sreda od 18.00 do 18.45\u00a0(Ne\u017ea Hribar, Jo\u0161t Levec) Mladinski pevski zbor: petek od 18.30 do 20.00(Tomas Mejias) Vokalno-in\u0161trumentalna skupina sv. Mihaela: torek ob 19.30(Franc Kompare, Uro\u0161 [&hellip;]","og_url":"https:\/\/zupnija-menges.rkc.si\/index.php\/dejavnosti-in-skupine\/zupnijskisodelavci\/pevski-zbori\/","og_site_name":"\u017dupnija Menge\u0161","article_modified_time":"2022-04-01T16:08:43+00:00","twitter_card":"summary_large_image","schema":{"@context":"https:\/\/schema.org","@graph":[{"@type":"WebPage","@id":"https:\/\/zupnija-menges.rkc.si\/index.php\/dejavnosti-in-skupine\/zupnijskisodelavci\/pevski-zbori\/","url":"https:\/\/zupnija-menges.rkc.si\/index.php\/dejavnosti-in-skupine\/zupnijskisodelavci\/pevski-zbori\/","name":"Pevski zbori - \u017dupnija Menge\u0161","isPartOf":{"@id":"https:\/\/zupnija-menges.rkc.si\/#website"},"datePublished":"2018-10-01T16:04:57+00:00","dateModified":"2022-04-01T16:08:43+00:00","breadcrumb":{"@id":"https:\/\/zupnija-menges.rkc.si\/index.php\/dejavnosti-in-skupine\/zupnijskisodelavci\/pevski-zbori\/#breadcrumb"},"inLanguage":"sl-SI","potentialAction":[{"@type":"ReadAction","target":["https:\/\/zupnija-menges.rkc.si\/index.php\/dejavnosti-in-skupine\/zupnijskisodelavci\/pevski-zbori\/"]}]},{"@type":"BreadcrumbList","@id":"https:\/\/zupnija-menges.rkc.si\/index.php\/dejavnosti-in-skupine\/zupnijskisodelavci\/pevski-zbori\/#breadcrumb","itemListElement":[{"@type":"ListItem","position":1,"name":"Home","item":"https:\/\/zupnija-menges.rkc.si\/"},{"@type":"ListItem","position":2,"name":"Pastorala","item":"https:\/\/zupnija-menges.rkc.si\/index.php\/dejavnosti-in-skupine\/"},{"@type":"ListItem","position":3,"name":"\u017dupnijski sodelavci","item":"https:\/\/zupnija-menges.rkc.si\/index.php\/dejavnosti-in-skupine\/zupnijskisodelavci\/"},{"@type":"ListItem","position":4,"name":"Pevski zbori"}]},{"@type":"WebSite","@id":"https:\/\/zupnija-menges.rkc.si\/#website","url":"https:\/\/zupnija-menges.rkc.si\/","name":"\u017dupnija Menge\u0161","description":"","potentialAction":[{"@type":"SearchAction","target":{"@type":"EntryPoint","urlTemplate":"https:\/\/zupnija-menges.rkc.si\/?s={search_term_string}"},"query-input":"required name=search_term_string"}],"inLanguage":"sl-SI"}]}},"_links":{"self":[{"href":"https:\/\/zupnija-menges.rkc.si\/index.php\/wp-json\/wp\/v2\/pages\/55"}],"collection":[{"href":"https:\/\/zupnija-menges.rkc.si\/index.php\/wp-json\/wp\/v2\/pages"}],"about":[{"href":"https:\/\/zupnija-menges.rkc.si\/index.php\/wp-json\/wp\/v2\/types\/page"}],"author":[{"embeddable":true,"href":"https:\/\/zupnija-menges.rkc.si\/index.php\/wp-json\/wp\/v2\/users\/2"}],"replies":[{"embeddable":true,"href":"https:\/\/zupnija-menges.rkc.si\/index.php\/wp-json\/wp\/v2\/comments?post=55"}],"version-history":[{"count":7,"href":"https:\/\/zupnija-menges.rkc.si\/index.php\/wp-json\/wp\/v2\/pages\/55\/revisions"}],"predecessor-version":[{"id":2013,"href":"https:\/\/zupnija-menges.rkc.si\/index.php\/wp-json\/wp\/v2\/pages\/55\/revisions\/2013"}],"up":[{"embeddable":true,"href":"https:\/\/zupnija-menges.rkc.si\/index.php\/wp-json\/wp\/v2\/pages\/92"}],"wp:attachment":[{"href":"https:\/\/zupnija-menges.rkc.si\/index.php\/wp-json\/wp\/v2\/media?parent=55"}],"curies":[{"name":"wp","href":"https:\/\/api.w.org\/{rel}","templated":true}]}}