{"id":35,"date":"2021-08-11T15:54:00","date_gmt":"2021-08-11T15:54:00","guid":{"rendered":"https:\/\/zupnija-menges.rkc.si\/?page_id=35"},"modified":"2026-03-01T19:22:48","modified_gmt":"2026-03-01T19:22:48","slug":"mihaelov-list","status":"publish","type":"page","link":"https:\/\/zupnija-menges.rkc.si\/index.php\/mihaelov-list\/","title":{"rendered":"Mihaelov list"},"content":{"rendered":"<h4>2026<\/h4>\n<p>marec<br \/>\nfebruar<br \/>\njanuar<\/p>\n<h4>2025<\/h4>\n<p><a href=\"https:\/\/zupnija-menges.rkc.si\/wp-content\/uploads\/2025\/11\/MENGES_MihaelovList-12-2025-int.pdf\" target=\"_blank\" rel=\"noopener\">december<\/a><br \/>\n<a href=\"https:\/\/zupnija-menges.rkc.si\/wp-content\/uploads\/2025\/10\/MihaelovList-11-25_int.pdf\" target=\"_blank\" rel=\"noopener\">november<\/a><br \/>\n<a href=\"https:\/\/zupnija-menges.rkc.si\/wp-content\/uploads\/2025\/09\/MihaelovList-10-25_int.pdf\" target=\"_blank\" rel=\"noopener\">oktober<\/a><br \/>\n<a href=\"https:\/\/zupnija-menges.rkc.si\/wp-content\/uploads\/2025\/08\/MihaelovList-09-25_int.pdf\" target=\"_blank\" rel=\"noopener\">september<\/a><br \/>\n<a href=\"https:\/\/zupnija-menges.rkc.si\/wp-content\/uploads\/2025\/07\/MihaelovList-08-25_int.pdf\" target=\"_blank\" rel=\"noopener\">avgust<\/a><br \/>\n<a href=\"https:\/\/zupnija-menges.rkc.si\/wp-content\/uploads\/2025\/06\/MihaelovList-07-25_int.pdf\" target=\"_blank\" rel=\"noopener\">julij<\/a><br \/>\n<a href=\"https:\/\/zupnija-menges.rkc.si\/wp-content\/uploads\/2025\/05\/MihaelovList-06-25_int.pdf\" target=\"_blank\" rel=\"noopener\">junij<\/a><br \/>\n<a href=\"https:\/\/zupnija-menges.rkc.si\/wp-content\/uploads\/2025\/04\/MihaelovList-05-25_int.pdf\" target=\"_blank\" rel=\"noopener\">maj<\/a><br \/>\n<a href=\"https:\/\/zupnija-menges.rkc.si\/wp-content\/uploads\/2025\/03\/MihaelovList-04-25_int.pdf\" target=\"_blank\" rel=\"noopener\">april<\/a><br \/>\n<a href=\"https:\/\/zupnija-menges.rkc.si\/wp-content\/uploads\/2025\/02\/MihaelovList-03-25_int.pdf\" target=\"_blank\" rel=\"noopener\">marec<\/a><br \/>\n<a href=\"https:\/\/zupnija-menges.rkc.si\/wp-content\/uploads\/2025\/01\/MihaelovList-02-25_int.pdf\" target=\"_blank\" rel=\"noopener\">februar<\/a><br \/>\n<a href=\"https:\/\/zupnija-menges.rkc.si\/wp-content\/uploads\/2024\/12\/MihaelovList-01-25_int.pdf\" target=\"_blank\" rel=\"noopener\">januar<\/a><\/p>\n<h4>2024<\/h4>\n<p><a href=\"https:\/\/zupnija-menges.rkc.si\/wp-content\/uploads\/2024\/11\/MihaelovList-12-24_int.pdf\" target=\"_blank\" rel=\"noopener\">december<\/a><br \/>\n<a href=\"https:\/\/zupnija-menges.rkc.si\/wp-content\/uploads\/2024\/10\/MihaelovList-11-24_int.pdf\" target=\"_blank\" rel=\"noopener\">november<\/a><br \/>\n<a href=\"https:\/\/zupnija-menges.rkc.si\/wp-content\/uploads\/2024\/09\/MihaelovList-10-24_int.pdf\" target=\"_blank\" rel=\"noopener\">oktober<\/a><br \/>\n<a href=\"https:\/\/zupnija-menges.rkc.si\/wp-content\/uploads\/2024\/08\/MihaelovList-09-24_int.pdf\" target=\"_blank\" rel=\"noopener\">september<\/a><br \/>\n<a href=\"https:\/\/zupnija-menges.rkc.si\/wp-content\/uploads\/2024\/07\/MihaelovList-08-24_int.pdf\" target=\"_blank\" rel=\"noopener\">avgust<\/a><br \/>\n<a href=\"https:\/\/zupnija-menges.rkc.si\/wp-content\/uploads\/2023\/12\/MihaelovList-01-24_int.pdf\" target=\"_blank\" rel=\"noopener\">januar<\/a><br \/>\n<a href=\"https:\/\/zupnija-menges.rkc.si\/wp-content\/uploads\/2024\/01\/MihaelovList-02-24_int.pdf\" target=\"_blank\" rel=\"noopener\">februar<\/a><br \/>\n<a href=\"https:\/\/zupnija-menges.rkc.si\/wp-content\/uploads\/2024\/02\/MihaelovList-03-24_int.pdf\" target=\"_blank\" rel=\"noopener\">marec<\/a><br \/>\n<a href=\"https:\/\/zupnija-menges.rkc.si\/wp-content\/uploads\/2024\/03\/MihaelovList-04-24_int-1.pdf\" target=\"_blank\" rel=\"noopener\">april<\/a><br \/>\n<a href=\"https:\/\/zupnija-menges.rkc.si\/wp-content\/uploads\/2024\/05\/MihaelovList-05-24_int.pdf\" target=\"_blank\" rel=\"noopener\">maj<\/a><br \/>\n<a href=\"https:\/\/zupnija-menges.rkc.si\/wp-content\/uploads\/2024\/05\/MihaelovList-06-24_int.pdf\" target=\"_blank\" rel=\"noopener\">junij<\/a><br \/>\n<a href=\"https:\/\/zupnija-menges.rkc.si\/wp-content\/uploads\/2024\/06\/MihaelovList-07-24_int.pdf\" target=\"_blank\" rel=\"noopener\">julij<\/a><\/p>\n<h4>2023<\/h4>\n<p><a href=\"https:\/\/zupnija-menges.rkc.si\/wp-content\/uploads\/2023\/11\/MihaelovList-12-23_int.pdf\" target=\"_blank\" rel=\"noopener\">december<\/a><br \/>\n<a href=\"https:\/\/zupnija-menges.rkc.si\/wp-content\/uploads\/2023\/10\/MihaelovList-11-23_int.pdf\" target=\"_blank\" rel=\"noopener\">november<\/a><br \/>\n<a href=\"https:\/\/zupnija-menges.rkc.si\/wp-content\/uploads\/2023\/10\/MihaelovList-10-23_int.pdf\" target=\"_blank\" rel=\"noopener\">oktober<\/a><br \/>\n<a href=\"https:\/\/zupnija-menges.rkc.si\/wp-content\/uploads\/2023\/09\/MihaelovList-09-23_int.pdf\" target=\"_blank\" rel=\"noopener\">september<\/a><br \/>\n<a href=\"https:\/\/zupnija-menges.rkc.si\/wp-content\/uploads\/2023\/07\/MihaelovList-08-23_int.pdf\" target=\"_blank\" rel=\"noopener\">avgust<\/a><br \/>\n<a href=\"https:\/\/zupnija-menges.rkc.si\/wp-content\/uploads\/2023\/07\/MihaelovList-07-23_int.pdf\" target=\"_blank\" rel=\"noopener\">julij<\/a><br \/>\n<a href=\"https:\/\/zupnija-menges.rkc.si\/wp-content\/uploads\/2023\/05\/MihaelovList-06-23_int.pdf\" target=\"_blank\" rel=\"noopener\">junij<\/a><br \/>\n<a href=\"https:\/\/zupnija-menges.rkc.si\/wp-content\/uploads\/2023\/04\/MihaelovList-05-23_int.pdf\" target=\"_blank\" rel=\"noopener\">maj<\/a><br \/>\n<a href=\"https:\/\/zupnija-menges.rkc.si\/wp-content\/uploads\/2023\/04\/MihaelovList-04-23_int.pdf\" target=\"_blank\" rel=\"noopener\">april<\/a><br \/>\n<a href=\"https:\/\/zupnija-menges.rkc.si\/wp-content\/uploads\/2023\/02\/MihaelovList-03-23_int.pdf\" target=\"_blank\" rel=\"noopener\">marec<\/a><br \/>\n<a href=\"https:\/\/zupnija-menges.rkc.si\/wp-content\/uploads\/2023\/01\/MihaelovList-02-23_int.pdf\" target=\"_blank\" rel=\"noopener\">februar<\/a><br \/>\n<a href=\"https:\/\/zupnija-menges.rkc.si\/wp-content\/uploads\/2022\/12\/MihaelovList-01-23_int.pdf\" target=\"_blank\" rel=\"noopener\">januar<\/a><\/p>\n<h4>2022<\/h4>\n<p><a href=\"https:\/\/zupnija-menges.rkc.si\/wp-content\/uploads\/2022\/11\/MihaelovList-12-22_int.pdf\" target=\"_blank\" rel=\"noopener\">december<\/a><br \/>\n<a href=\"https:\/\/zupnija-menges.rkc.si\/wp-content\/uploads\/2022\/10\/MihaelovList-11-22_int.pdf\" target=\"_blank\" rel=\"noopener\">november<\/a><br \/>\n<a href=\"https:\/\/zupnija-menges.rkc.si\/wp-content\/uploads\/2022\/09\/MihaelovList-10-22_int.pdf\" target=\"_blank\" rel=\"noopener noreferrer\">oktober<\/a><br \/>\n<a href=\"https:\/\/zupnija-menges.rkc.si\/wp-content\/uploads\/2022\/08\/MihaelovList-09-22_int.pdf\" target=\"_blank\" rel=\"noopener noreferrer\">september<\/a><br \/>\n<a href=\"https:\/\/zupnija-menges.rkc.si\/wp-content\/uploads\/2022\/07\/MihaelovList-08-22_int.pdf\" target=\"_blank\" rel=\"noopener noreferrer\">avgust<\/a><br \/>\n<a href=\"https:\/\/zupnija-menges.rkc.si\/wp-content\/uploads\/2022\/06\/MihaelovList-07-22_int.pdf\" target=\"_blank\" rel=\"noopener noreferrer\">julij<\/a><br \/>\n<a href=\"https:\/\/zupnija-menges.rkc.si\/wp-content\/uploads\/2022\/05\/MihaelovList-06-22_int.pdf\" target=\"_blank\" rel=\"noopener noreferrer\">junij<\/a><br \/>\n<a href=\"https:\/\/zupnija-menges.rkc.si\/wp-content\/uploads\/2022\/05\/MihaelovList-05-22_int.pdf\" target=\"_blank\" rel=\"noopener noreferrer\">maj<\/a><br \/>\n<a href=\"https:\/\/zupnija-menges.rkc.si\/wp-content\/uploads\/2022\/03\/MihaelovList-04-22_int.pdf\" target=\"_blank\" rel=\"noopener noreferrer\">april<\/a><br \/>\n<a href=\"https:\/\/zupnija-menges.rkc.si\/wp-content\/uploads\/2022\/02\/MihaelovList-03-22_int.pdf\" target=\"_blank\" rel=\"noopener noreferrer\">marec<\/a><br \/>\n<a href=\"https:\/\/zupnija-menges.rkc.si\/wp-content\/uploads\/2022\/01\/MihaelovList-02-22_int.pdf\" target=\"_blank\" rel=\"noopener noreferrer\">februar<\/a><br \/>\n<a href=\"https:\/\/zupnija-menges.rkc.si\/wp-content\/uploads\/2021\/12\/MihaelovList-01-22_int.pdf\" target=\"_blank\" rel=\"noopener noreferrer\">januar<\/a><\/p>\n<h4>2021<\/h4>\n<p><a href=\"https:\/\/zupnija-menges.rkc.si\/wp-content\/uploads\/2021\/11\/MihaelovList-12-21_int.pdf\" target=\"_blank\" rel=\"noopener noreferrer\">december<\/a><br \/>\n<a href=\"https:\/\/zupnija-menges.rkc.si\/wp-content\/uploads\/2021\/10\/MihaelovList-11-21_int.pdf\" target=\"_blank\" rel=\"noopener noreferrer\">november<\/a><br \/>\n<a href=\"https:\/\/zupnija-menges.rkc.si\/wp-content\/uploads\/2021\/10\/MihaelovList-10-21_int.pdf\" target=\"_blank\" rel=\"noopener noreferrer\">oktober<\/a><br \/>\n<a href=\"https:\/\/zupnija-menges.rkc.si\/wp-content\/uploads\/2021\/08\/MihaelovList-09-21_int.pdf\" target=\"_blank\" rel=\"noopener noreferrer\">september<\/a><br \/>\n<a href=\"https:\/\/zupnija-menges.rkc.si\/wp-content\/uploads\/2021\/08\/MihaelovList-08-21_int.pdf\" target=\"_blank\" rel=\"noopener noreferrer\">avgust<\/a><br \/>\n<a href=\"https:\/\/zupnija-menges.rkc.si\/wp-content\/uploads\/2021\/06\/MihaelovList-06-07-21_int.pdf\" target=\"_blank\" rel=\"noopener noreferrer\">junij-julij<\/a><br \/>\n<a href=\"https:\/\/zupnija-menges.rkc.si\/wp-content\/uploads\/2021\/05\/MihaelovList-0521_int.pdf\" target=\"_blank\" rel=\"noopener noreferrer\">maj<\/a><br \/>\n<a href=\"https:\/\/zupnija-menges.rkc.si\/wp-content\/uploads\/2021\/03\/MihaelovList-0421_int.pdf\" target=\"_blank\" rel=\"noopener noreferrer\">april<\/a><br \/>\n<a href=\"https:\/\/zupnija-menges.rkc.si\/wp-content\/uploads\/2021\/02\/MihaelovList-0321_int.pdf\" target=\"_blank\" rel=\"noopener noreferrer\">marec<\/a><br \/>\n<a href=\"https:\/\/zupnija-menges.rkc.si\/wp-content\/uploads\/2021\/01\/MihaelovList-0221_int.pdf\" target=\"_blank\" rel=\"noopener noreferrer\">februar<\/a><br \/>\n<a href=\"https:\/\/zupnija-menges.rkc.si\/wp-content\/uploads\/2021\/01\/MihaelovList-0121_int.pdf\" target=\"_blank\" rel=\"noopener noreferrer\">januar<\/a><\/p>\n<h4>2020<\/h4>\n<p><a href=\"https:\/\/zupnija-menges.rkc.si\/wp-content\/uploads\/2020\/12\/MihaelovList-1220_int.pdf\" target=\"_blank\" rel=\"noopener noreferrer\">december<\/a><br \/>\n<a href=\"https:\/\/zupnija-menges.rkc.si\/wp-content\/uploads\/2020\/10\/MihaelovList-1120_int.pdf\" target=\"_blank\" rel=\"noopener noreferrer\">november<\/a><br \/>\n<a href=\"https:\/\/zupnija-menges.rkc.si\/wp-content\/uploads\/2020\/09\/MihaelovList-1020_int.pdf\" target=\"_blank\" rel=\"noopener noreferrer\">oktober<\/a><br \/>\n<a href=\"https:\/\/zupnija-menges.rkc.si\/wp-content\/uploads\/2020\/08\/MihaelovList-0920_int.pdf\" target=\"_blank\" rel=\"noopener noreferrer\">september<\/a><br \/>\n<a href=\"https:\/\/zupnija-menges.rkc.si\/wp-content\/uploads\/2020\/02\/MihaelovList-0320_int.pdf\" target=\"_blank\" rel=\"noopener noreferrer\">marec<\/a><br \/>\n<a href=\"https:\/\/zupnija-menges.rkc.si\/wp-content\/uploads\/2020\/01\/MihaelovList-0220_int.pdf\" target=\"_blank\" rel=\"noopener noreferrer\">februar<\/a><br \/>\n<a href=\"https:\/\/zupnija-menges.rkc.si\/wp-content\/uploads\/2020\/01\/MihaelovList-0120_int.pdf\" target=\"_blank\" rel=\"noopener noreferrer\">januar<\/a><\/p>\n<h4>2019<\/h4>\n<p><a href=\"https:\/\/zupnija-menges.rkc.si\/wp-content\/uploads\/2019\/11\/MihaelovList1219_int.pdf\" target=\"_blank\" rel=\"noopener noreferrer\">december<\/a><br \/>\n<a href=\"https:\/\/zupnija-menges.rkc.si\/wp-content\/uploads\/2019\/10\/MihaelovList1119_int.pdf\" target=\"_blank\" rel=\"noopener noreferrer\">november<\/a><br \/>\n<a href=\"https:\/\/zupnija-menges.rkc.si\/wp-content\/uploads\/2019\/09\/MihaelovList0919_int.pdf\" target=\"_blank\" rel=\"noopener noreferrer\">september \u2013 oktober<\/a><br \/>\n<a href=\"https:\/\/zupnija-menges.rkc.si\/wp-content\/uploads\/2019\/07\/MihaelovList0719_int.pdf\">julij \u2013 avgust<\/a><br \/>\n<a href=\"https:\/\/zupnija-menges.rkc.si\/wp-content\/uploads\/2019\/04\/MihaelovList0519_int.pdf\" target=\"_blank\" rel=\"noopener noreferrer\">maj &#8211; junij<\/a><br \/>\n<a href=\"https:\/\/zupnija-menges.rkc.si\/wp-content\/uploads\/2019\/03\/MihaelovList0319_int.pdf\" target=\"_blank\" rel=\"noopener noreferrer\">marec \u2013 april<\/a><br \/>\n<a href=\"https:\/\/zupnija-menges.rkc.si\/wp-content\/uploads\/2018\/12\/MihaelovList0119_int.pdf\" target=\"_blank\" rel=\"noopener noreferrer\">januar \u2013 februar<\/a><\/p>\n<h4>2018<\/h4>\n<p><a href=\"https:\/\/zupnija-menges.rkc.si\/wp-content\/uploads\/2018\/10\/MihaelovList1018_int.pdf\" target=\"_blank\" rel=\"noopener noreferrer\">november \u2013 december<\/a><br \/>\n<a href=\"https:\/\/zupnija-menges.rkc.si\/wp-content\/uploads\/2018\/10\/MihaelovList0818_int.pdf\" target=\"_blank\" rel=\"noopener noreferrer\">september \u2013 oktober<\/a><br \/>\n<a href=\"https:\/\/zupnija-menges.rkc.si\/wp-content\/uploads\/2018\/10\/MihaelovList0518_int.pdf\" target=\"_blank\" rel=\"noopener noreferrer\">maj \u2013 junij<\/a><br \/>\n<a href=\"https:\/\/zupnija-menges.rkc.si\/wp-content\/uploads\/2018\/10\/MihaelovList0318_int.pdf\" target=\"_blank\" rel=\"noopener noreferrer\">marec \u2013 april<\/a><br \/>\n<a href=\"https:\/\/zupnija-menges.rkc.si\/wp-content\/uploads\/2018\/10\/MihaelovList0118_int.pdf\" target=\"_blank\" rel=\"noopener noreferrer\">januar \u2013 februar<\/a><\/p>\n<h4>2017<\/h4>\n<p><a href=\"https:\/\/zupnija-menges.rkc.si\/wp-content\/uploads\/2018\/10\/MihaelovList1117_int.pdf\" target=\"_blank\" rel=\"noopener noreferrer\">december<\/a><br \/>\n<a href=\"https:\/\/zupnija-menges.rkc.si\/wp-content\/uploads\/2018\/10\/MihaelovList1017_INT.pdf\" target=\"_blank\" rel=\"noopener noreferrer\">november<\/a><br \/>\n<a href=\"https:\/\/zupnija-menges.rkc.si\/wp-content\/uploads\/2018\/10\/MihaelovList0917_int.pdf\" target=\"_blank\" rel=\"noopener noreferrer\">oktober<\/a><br \/>\n<a href=\"https:\/\/zupnija-menges.rkc.si\/wp-content\/uploads\/2018\/10\/MihaelovList0817_int.pdf\" target=\"_blank\" rel=\"noopener noreferrer\">september<\/a><br \/>\n<a href=\"https:\/\/zupnija-menges.rkc.si\/wp-content\/uploads\/2018\/10\/MihaelovList0717_int.pdf\" target=\"_blank\" rel=\"noopener noreferrer\">avgust<\/a><br \/>\n<a href=\"https:\/\/zupnija-menges.rkc.si\/wp-content\/uploads\/2018\/10\/MihaelovList0617_int.pdf\" target=\"_blank\" rel=\"noopener noreferrer\">julij<\/a><br \/>\n<a href=\"https:\/\/zupnija-menges.rkc.si\/wp-content\/uploads\/2018\/10\/MihaelovList0517_int.pdf\" target=\"_blank\" rel=\"noopener noreferrer\">junij<\/a><br \/>\n<a href=\"https:\/\/zupnija-menges.rkc.si\/wp-content\/uploads\/2018\/10\/MihaelovList0417_int.pdf\" target=\"_blank\" rel=\"noopener noreferrer\">maj<\/a><br \/>\n<a href=\"https:\/\/zupnija-menges.rkc.si\/wp-content\/uploads\/2018\/10\/MihaelovList0317_int.pdf\" target=\"_blank\" rel=\"noopener noreferrer\">april<\/a><br \/>\n<a href=\"https:\/\/zupnija-menges.rkc.si\/wp-content\/uploads\/2018\/10\/MihaelovList0217_int.pdf\" target=\"_blank\" rel=\"noopener noreferrer\">marec<\/a><br \/>\n<a href=\"https:\/\/zupnija-menges.rkc.si\/wp-content\/uploads\/2018\/10\/MihaelovList0117_int.pdf\" target=\"_blank\" rel=\"noopener noreferrer\">februar<\/a><\/p>\n","protected":false},"excerpt":{"rendered":"<p>2026 marec februar januar 2025 december november oktober september avgust julij junij maj april marec februar januar 2024 december november oktober september avgust januar februar marec april maj junij julij [&hellip;]<\/p>\n","protected":false},"author":2,"featured_media":0,"parent":0,"menu_order":0,"comment_status":"closed","ping_status":"closed","template":"","meta":[],"yoast_head":"<!-- This site is optimized with the Yoast SEO plugin v20.5 - https:\/\/yoast.com\/wordpress\/plugins\/seo\/ -->\n<title>Mihaelov list - \u017dupnija Menge\u0161<\/title>\n<meta name=\"description\" content=\"Mese\u010dna oznanila \u017dupnije Menge\u0161.\" \/>\n<meta name=\"robots\" content=\"index, follow, max-snippet:-1, max-image-preview:large, max-video-preview:-1\" \/>\n<link rel=\"canonical\" href=\"https:\/\/zupnija-menges.rkc.si\/index.php\/mihaelov-list\/\" \/>\n<meta property=\"og:locale\" content=\"sl_SI\" \/>\n<meta property=\"og:type\" content=\"article\" \/>\n<meta property=\"og:title\" content=\"Mihaelov list - \u017dupnija Menge\u0161\" \/>\n<meta property=\"og:description\" content=\"Mese\u010dna oznanila \u017dupnije Menge\u0161.\" \/>\n<meta property=\"og:url\" content=\"https:\/\/zupnija-menges.rkc.si\/index.php\/mihaelov-list\/\" \/>\n<meta property=\"og:site_name\" content=\"\u017dupnija Menge\u0161\" \/>\n<meta property=\"article:modified_time\" content=\"2026-03-01T19:22:48+00:00\" \/>\n<meta name=\"twitter:card\" content=\"summary_large_image\" \/>\n<meta name=\"twitter:label1\" content=\"Est. reading time\" \/>\n\t<meta name=\"twitter:data1\" content=\"1 minuta\" \/>\n<script type=\"application\/ld+json\" class=\"yoast-schema-graph\">{\"@context\":\"https:\/\/schema.org\",\"@graph\":[{\"@type\":\"WebPage\",\"@id\":\"https:\/\/zupnija-menges.rkc.si\/index.php\/mihaelov-list\/\",\"url\":\"https:\/\/zupnija-menges.rkc.si\/index.php\/mihaelov-list\/\",\"name\":\"Mihaelov list - \u017dupnija Menge\u0161\",\"isPartOf\":{\"@id\":\"https:\/\/zupnija-menges.rkc.si\/#website\"},\"datePublished\":\"2021-08-11T15:54:00+00:00\",\"dateModified\":\"2026-03-01T19:22:48+00:00\",\"description\":\"Mese\u010dna oznanila \u017dupnije Menge\u0161.\",\"breadcrumb\":{\"@id\":\"https:\/\/zupnija-menges.rkc.si\/index.php\/mihaelov-list\/#breadcrumb\"},\"inLanguage\":\"sl-SI\",\"potentialAction\":[{\"@type\":\"ReadAction\",\"target\":[\"https:\/\/zupnija-menges.rkc.si\/index.php\/mihaelov-list\/\"]}]},{\"@type\":\"BreadcrumbList\",\"@id\":\"https:\/\/zupnija-menges.rkc.si\/index.php\/mihaelov-list\/#breadcrumb\",\"itemListElement\":[{\"@type\":\"ListItem\",\"position\":1,\"name\":\"Home\",\"item\":\"https:\/\/zupnija-menges.rkc.si\/\"},{\"@type\":\"ListItem\",\"position\":2,\"name\":\"Mihaelov list\"}]},{\"@type\":\"WebSite\",\"@id\":\"https:\/\/zupnija-menges.rkc.si\/#website\",\"url\":\"https:\/\/zupnija-menges.rkc.si\/\",\"name\":\"\u017dupnija Menge\u0161\",\"description\":\"\",\"potentialAction\":[{\"@type\":\"SearchAction\",\"target\":{\"@type\":\"EntryPoint\",\"urlTemplate\":\"https:\/\/zupnija-menges.rkc.si\/?s={search_term_string}\"},\"query-input\":\"required name=search_term_string\"}],\"inLanguage\":\"sl-SI\"}]}<\/script>\n<!-- \/ Yoast SEO plugin. -->","yoast_head_json":{"title":"Mihaelov list - \u017dupnija Menge\u0161","description":"Mese\u010dna oznanila \u017dupnije Menge\u0161.","robots":{"index":"index","follow":"follow","max-snippet":"max-snippet:-1","max-image-preview":"max-image-preview:large","max-video-preview":"max-video-preview:-1"},"canonical":"https:\/\/zupnija-menges.rkc.si\/index.php\/mihaelov-list\/","og_locale":"sl_SI","og_type":"article","og_title":"Mihaelov list - \u017dupnija Menge\u0161","og_description":"Mese\u010dna oznanila \u017dupnije Menge\u0161.","og_url":"https:\/\/zupnija-menges.rkc.si\/index.php\/mihaelov-list\/","og_site_name":"\u017dupnija Menge\u0161","article_modified_time":"2026-03-01T19:22:48+00:00","twitter_card":"summary_large_image","twitter_misc":{"Est. reading time":"1 minuta"},"schema":{"@context":"https:\/\/schema.org","@graph":[{"@type":"WebPage","@id":"https:\/\/zupnija-menges.rkc.si\/index.php\/mihaelov-list\/","url":"https:\/\/zupnija-menges.rkc.si\/index.php\/mihaelov-list\/","name":"Mihaelov list - \u017dupnija Menge\u0161","isPartOf":{"@id":"https:\/\/zupnija-menges.rkc.si\/#website"},"datePublished":"2021-08-11T15:54:00+00:00","dateModified":"2026-03-01T19:22:48+00:00","description":"Mese\u010dna oznanila \u017dupnije Menge\u0161.","breadcrumb":{"@id":"https:\/\/zupnija-menges.rkc.si\/index.php\/mihaelov-list\/#breadcrumb"},"inLanguage":"sl-SI","potentialAction":[{"@type":"ReadAction","target":["https:\/\/zupnija-menges.rkc.si\/index.php\/mihaelov-list\/"]}]},{"@type":"BreadcrumbList","@id":"https:\/\/zupnija-menges.rkc.si\/index.php\/mihaelov-list\/#breadcrumb","itemListElement":[{"@type":"ListItem","position":1,"name":"Home","item":"https:\/\/zupnija-menges.rkc.si\/"},{"@type":"ListItem","position":2,"name":"Mihaelov list"}]},{"@type":"WebSite","@id":"https:\/\/zupnija-menges.rkc.si\/#website","url":"https:\/\/zupnija-menges.rkc.si\/","name":"\u017dupnija Menge\u0161","description":"","potentialAction":[{"@type":"SearchAction","target":{"@type":"EntryPoint","urlTemplate":"https:\/\/zupnija-menges.rkc.si\/?s={search_term_string}"},"query-input":"required name=search_term_string"}],"inLanguage":"sl-SI"}]}},"_links":{"self":[{"href":"https:\/\/zupnija-menges.rkc.si\/index.php\/wp-json\/wp\/v2\/pages\/35"}],"collection":[{"href":"https:\/\/zupnija-menges.rkc.si\/index.php\/wp-json\/wp\/v2\/pages"}],"about":[{"href":"https:\/\/zupnija-menges.rkc.si\/index.php\/wp-json\/wp\/v2\/types\/page"}],"author":[{"embeddable":true,"href":"https:\/\/zupnija-menges.rkc.si\/index.php\/wp-json\/wp\/v2\/users\/2"}],"replies":[{"embeddable":true,"href":"https:\/\/zupnija-menges.rkc.si\/index.php\/wp-json\/wp\/v2\/comments?post=35"}],"version-history":[{"count":114,"href":"https:\/\/zupnija-menges.rkc.si\/index.php\/wp-json\/wp\/v2\/pages\/35\/revisions"}],"predecessor-version":[{"id":3739,"href":"https:\/\/zupnija-menges.rkc.si\/index.php\/wp-json\/wp\/v2\/pages\/35\/revisions\/3739"}],"wp:attachment":[{"href":"https:\/\/zupnija-menges.rkc.si\/index.php\/wp-json\/wp\/v2\/media?parent=35"}],"curies":[{"name":"wp","href":"https:\/\/api.w.org\/{rel}","templated":true}]}}