{"id":3252,"date":"2025-10-29T19:48:17","date_gmt":"2025-10-29T19:48:17","guid":{"rendered":"https:\/\/zupnija-menges.rkc.si\/?page_id=3252"},"modified":"2025-10-29T19:48:50","modified_gmt":"2025-10-29T19:48:50","slug":"slomskovo-bralno-priznanje","status":"publish","type":"page","link":"https:\/\/zupnija-menges.rkc.si\/index.php\/dejavnosti-in-skupine\/slomskovo-bralno-priznanje\/","title":{"rendered":"Sre\u010danje Slom\u0161kovih bralcev &#8211; 9. november"},"content":{"rendered":"\n<p>V nedeljo, 9. novembra 2025, vas po 10. ma\u0161i prisr\u010dno vabimo na bralno sre\u010danje v \u017eupni\u0161\u010de. Ob \u010daju in pi\u0161kotih bomo prisluhnili zanimivi zgodbi, se o njej pogovorili, sledila bo ustvarjalna delavnica. Vabljeni, da pose\u017eete po knjigah <a href=\"https:\/\/katehet.si\/bralno-priznanje\/\" target=\"_blank\" rel=\"noreferrer noopener\">s seznama <\/a>(klikni) in o prebranem poveste na sre\u010danju, najmlaj\u0161i pa lahko tudi kaj nari\u0161ete. Knjige za Slom\u0161kovo bralno priznanje so na posebnem mestu zbrane v Knji\u017enici Janeza Trdina. Veselimo se sre\u010danja z bralci vseh starosti!\u00a0<\/p>\n\n\n<div class=\"wp-block-image\">\n<figure class=\"aligncenter size-large is-resized\"><img decoding=\"async\" loading=\"lazy\" src=\"https:\/\/zupnija-menges.rkc.si\/wp-content\/uploads\/2025\/10\/2025_SBP_zlozenka-1024x768.jpg\" alt=\"\" class=\"wp-image-3545\" width=\"508\" height=\"381\" srcset=\"https:\/\/zupnija-menges.rkc.si\/wp-content\/uploads\/2025\/10\/2025_SBP_zlozenka-1024x768.jpg 1024w, https:\/\/zupnija-menges.rkc.si\/wp-content\/uploads\/2025\/10\/2025_SBP_zlozenka-300x225.jpg 300w, https:\/\/zupnija-menges.rkc.si\/wp-content\/uploads\/2025\/10\/2025_SBP_zlozenka-768x576.jpg 768w, https:\/\/zupnija-menges.rkc.si\/wp-content\/uploads\/2025\/10\/2025_SBP_zlozenka-1536x1152.jpg 1536w, https:\/\/zupnija-menges.rkc.si\/wp-content\/uploads\/2025\/10\/2025_SBP_zlozenka-2048x1536.jpg 2048w, https:\/\/zupnija-menges.rkc.si\/wp-content\/uploads\/2025\/10\/2025_SBP_zlozenka-1000x750.jpg 1000w, https:\/\/zupnija-menges.rkc.si\/wp-content\/uploads\/2025\/10\/2025_SBP_zlozenka-230x173.jpg 230w, https:\/\/zupnija-menges.rkc.si\/wp-content\/uploads\/2025\/10\/2025_SBP_zlozenka-350x263.jpg 350w, https:\/\/zupnija-menges.rkc.si\/wp-content\/uploads\/2025\/10\/2025_SBP_zlozenka-480x360.jpg 480w\" sizes=\"(max-width: 508px) 100vw, 508px\" \/><figcaption class=\"wp-element-caption\">Utrinek s prvega sre\u010danja Slom\u0161kovih bralcev<\/figcaption><\/figure><\/div>\n\n\n<p class=\"has-very-dark-gray-color has-luminous-vivid-amber-background-color has-text-color has-background\"><a href=\"https:\/\/zupnija-menges.rkc.si\/wp-content\/uploads\/2024\/10\/zgibanka-2024-45.pdf\">Zlo\u017eenka s seznamom knjig za o<\/a><a href=\"https:\/\/zupnija-menges.rkc.si\/wp-content\/uploads\/2024\/10\/zgibanka-2024-45.pdf\" target=\"_blank\" rel=\"noreferrer noopener\">t<\/a><a href=\"https:\/\/zupnija-menges.rkc.si\/wp-content\/uploads\/2024\/10\/zgibanka-2024-45.pdf\">roke.<\/a><\/p>\n","protected":false},"excerpt":{"rendered":"<p>V nedeljo, 9. novembra 2025, vas po 10. ma\u0161i prisr\u010dno vabimo na bralno sre\u010danje v \u017eupni\u0161\u010de. Ob \u010daju in pi\u0161kotih bomo prisluhnili zanimivi zgodbi, se o njej pogovorili, sledila bo [&hellip;]<\/p>\n","protected":false},"author":2,"featured_media":3124,"parent":37,"menu_order":0,"comment_status":"closed","ping_status":"closed","template":"","meta":[],"yoast_head":"<!-- This site is optimized with the Yoast SEO plugin v20.5 - https:\/\/yoast.com\/wordpress\/plugins\/seo\/ -->\n<title>Sre\u010danje Slom\u0161kovih bralcev - 9. november - \u017dupnija Menge\u0161<\/title>\n<meta name=\"robots\" content=\"index, follow, max-snippet:-1, max-image-preview:large, max-video-preview:-1\" \/>\n<link rel=\"canonical\" href=\"https:\/\/zupnija-menges.rkc.si\/index.php\/dejavnosti-in-skupine\/slomskovo-bralno-priznanje\/\" \/>\n<meta property=\"og:locale\" content=\"sl_SI\" \/>\n<meta property=\"og:type\" content=\"article\" \/>\n<meta property=\"og:title\" content=\"Sre\u010danje Slom\u0161kovih bralcev - 9. november - \u017dupnija Menge\u0161\" \/>\n<meta property=\"og:description\" content=\"V nedeljo, 9. novembra 2025, vas po 10. ma\u0161i prisr\u010dno vabimo na bralno sre\u010danje v \u017eupni\u0161\u010de. Ob \u010daju in pi\u0161kotih bomo prisluhnili zanimivi zgodbi, se o njej pogovorili, sledila bo [&hellip;]\" \/>\n<meta property=\"og:url\" content=\"https:\/\/zupnija-menges.rkc.si\/index.php\/dejavnosti-in-skupine\/slomskovo-bralno-priznanje\/\" \/>\n<meta property=\"og:site_name\" content=\"\u017dupnija Menge\u0161\" \/>\n<meta property=\"article:modified_time\" content=\"2025-10-29T19:48:50+00:00\" \/>\n<meta property=\"og:image\" content=\"https:\/\/zupnija-menges.rkc.si\/wp-content\/uploads\/2024\/10\/SBP_banner_2024-2025_2.png\" \/>\n\t<meta property=\"og:image:width\" content=\"1754\" \/>\n\t<meta property=\"og:image:height\" content=\"1508\" \/>\n\t<meta property=\"og:image:type\" content=\"image\/png\" \/>\n<meta name=\"twitter:card\" content=\"summary_large_image\" \/>\n<meta name=\"twitter:label1\" content=\"Est. reading time\" \/>\n\t<meta name=\"twitter:data1\" content=\"1 minuta\" \/>\n<script type=\"application\/ld+json\" class=\"yoast-schema-graph\">{\"@context\":\"https:\/\/schema.org\",\"@graph\":[{\"@type\":\"WebPage\",\"@id\":\"https:\/\/zupnija-menges.rkc.si\/index.php\/dejavnosti-in-skupine\/slomskovo-bralno-priznanje\/\",\"url\":\"https:\/\/zupnija-menges.rkc.si\/index.php\/dejavnosti-in-skupine\/slomskovo-bralno-priznanje\/\",\"name\":\"Sre\u010danje Slom\u0161kovih bralcev - 9. november - \u017dupnija Menge\u0161\",\"isPartOf\":{\"@id\":\"https:\/\/zupnija-menges.rkc.si\/#website\"},\"datePublished\":\"2025-10-29T19:48:17+00:00\",\"dateModified\":\"2025-10-29T19:48:50+00:00\",\"breadcrumb\":{\"@id\":\"https:\/\/zupnija-menges.rkc.si\/index.php\/dejavnosti-in-skupine\/slomskovo-bralno-priznanje\/#breadcrumb\"},\"inLanguage\":\"sl-SI\",\"potentialAction\":[{\"@type\":\"ReadAction\",\"target\":[\"https:\/\/zupnija-menges.rkc.si\/index.php\/dejavnosti-in-skupine\/slomskovo-bralno-priznanje\/\"]}]},{\"@type\":\"BreadcrumbList\",\"@id\":\"https:\/\/zupnija-menges.rkc.si\/index.php\/dejavnosti-in-skupine\/slomskovo-bralno-priznanje\/#breadcrumb\",\"itemListElement\":[{\"@type\":\"ListItem\",\"position\":1,\"name\":\"Home\",\"item\":\"https:\/\/zupnija-menges.rkc.si\/\"},{\"@type\":\"ListItem\",\"position\":2,\"name\":\"Pastorala\",\"item\":\"https:\/\/zupnija-menges.rkc.si\/index.php\/dejavnosti-in-skupine\/\"},{\"@type\":\"ListItem\",\"position\":3,\"name\":\"Sre\u010danje Slom\u0161kovih bralcev &#8211; 9. november\"}]},{\"@type\":\"WebSite\",\"@id\":\"https:\/\/zupnija-menges.rkc.si\/#website\",\"url\":\"https:\/\/zupnija-menges.rkc.si\/\",\"name\":\"\u017dupnija Menge\u0161\",\"description\":\"\",\"potentialAction\":[{\"@type\":\"SearchAction\",\"target\":{\"@type\":\"EntryPoint\",\"urlTemplate\":\"https:\/\/zupnija-menges.rkc.si\/?s={search_term_string}\"},\"query-input\":\"required name=search_term_string\"}],\"inLanguage\":\"sl-SI\"}]}<\/script>\n<!-- \/ Yoast SEO plugin. -->","yoast_head_json":{"title":"Sre\u010danje Slom\u0161kovih bralcev - 9. november - \u017dupnija Menge\u0161","robots":{"index":"index","follow":"follow","max-snippet":"max-snippet:-1","max-image-preview":"max-image-preview:large","max-video-preview":"max-video-preview:-1"},"canonical":"https:\/\/zupnija-menges.rkc.si\/index.php\/dejavnosti-in-skupine\/slomskovo-bralno-priznanje\/","og_locale":"sl_SI","og_type":"article","og_title":"Sre\u010danje Slom\u0161kovih bralcev - 9. november - \u017dupnija Menge\u0161","og_description":"V nedeljo, 9. novembra 2025, vas po 10. ma\u0161i prisr\u010dno vabimo na bralno sre\u010danje v \u017eupni\u0161\u010de. Ob \u010daju in pi\u0161kotih bomo prisluhnili zanimivi zgodbi, se o njej pogovorili, sledila bo [&hellip;]","og_url":"https:\/\/zupnija-menges.rkc.si\/index.php\/dejavnosti-in-skupine\/slomskovo-bralno-priznanje\/","og_site_name":"\u017dupnija Menge\u0161","article_modified_time":"2025-10-29T19:48:50+00:00","og_image":[{"width":1754,"height":1508,"url":"https:\/\/zupnija-menges.rkc.si\/wp-content\/uploads\/2024\/10\/SBP_banner_2024-2025_2.png","type":"image\/png"}],"twitter_card":"summary_large_image","twitter_misc":{"Est. reading time":"1 minuta"},"schema":{"@context":"https:\/\/schema.org","@graph":[{"@type":"WebPage","@id":"https:\/\/zupnija-menges.rkc.si\/index.php\/dejavnosti-in-skupine\/slomskovo-bralno-priznanje\/","url":"https:\/\/zupnija-menges.rkc.si\/index.php\/dejavnosti-in-skupine\/slomskovo-bralno-priznanje\/","name":"Sre\u010danje Slom\u0161kovih bralcev - 9. november - \u017dupnija Menge\u0161","isPartOf":{"@id":"https:\/\/zupnija-menges.rkc.si\/#website"},"datePublished":"2025-10-29T19:48:17+00:00","dateModified":"2025-10-29T19:48:50+00:00","breadcrumb":{"@id":"https:\/\/zupnija-menges.rkc.si\/index.php\/dejavnosti-in-skupine\/slomskovo-bralno-priznanje\/#breadcrumb"},"inLanguage":"sl-SI","potentialAction":[{"@type":"ReadAction","target":["https:\/\/zupnija-menges.rkc.si\/index.php\/dejavnosti-in-skupine\/slomskovo-bralno-priznanje\/"]}]},{"@type":"BreadcrumbList","@id":"https:\/\/zupnija-menges.rkc.si\/index.php\/dejavnosti-in-skupine\/slomskovo-bralno-priznanje\/#breadcrumb","itemListElement":[{"@type":"ListItem","position":1,"name":"Home","item":"https:\/\/zupnija-menges.rkc.si\/"},{"@type":"ListItem","position":2,"name":"Pastorala","item":"https:\/\/zupnija-menges.rkc.si\/index.php\/dejavnosti-in-skupine\/"},{"@type":"ListItem","position":3,"name":"Sre\u010danje Slom\u0161kovih bralcev &#8211; 9. november"}]},{"@type":"WebSite","@id":"https:\/\/zupnija-menges.rkc.si\/#website","url":"https:\/\/zupnija-menges.rkc.si\/","name":"\u017dupnija Menge\u0161","description":"","potentialAction":[{"@type":"SearchAction","target":{"@type":"EntryPoint","urlTemplate":"https:\/\/zupnija-menges.rkc.si\/?s={search_term_string}"},"query-input":"required name=search_term_string"}],"inLanguage":"sl-SI"}]}},"_links":{"self":[{"href":"https:\/\/zupnija-menges.rkc.si\/index.php\/wp-json\/wp\/v2\/pages\/3252"}],"collection":[{"href":"https:\/\/zupnija-menges.rkc.si\/index.php\/wp-json\/wp\/v2\/pages"}],"about":[{"href":"https:\/\/zupnija-menges.rkc.si\/index.php\/wp-json\/wp\/v2\/types\/page"}],"author":[{"embeddable":true,"href":"https:\/\/zupnija-menges.rkc.si\/index.php\/wp-json\/wp\/v2\/users\/2"}],"replies":[{"embeddable":true,"href":"https:\/\/zupnija-menges.rkc.si\/index.php\/wp-json\/wp\/v2\/comments?post=3252"}],"version-history":[{"count":4,"href":"https:\/\/zupnija-menges.rkc.si\/index.php\/wp-json\/wp\/v2\/pages\/3252\/revisions"}],"predecessor-version":[{"id":3549,"href":"https:\/\/zupnija-menges.rkc.si\/index.php\/wp-json\/wp\/v2\/pages\/3252\/revisions\/3549"}],"up":[{"embeddable":true,"href":"https:\/\/zupnija-menges.rkc.si\/index.php\/wp-json\/wp\/v2\/pages\/37"}],"wp:featuredmedia":[{"embeddable":true,"href":"https:\/\/zupnija-menges.rkc.si\/index.php\/wp-json\/wp\/v2\/media\/3124"}],"wp:attachment":[{"href":"https:\/\/zupnija-menges.rkc.si\/index.php\/wp-json\/wp\/v2\/media?parent=3252"}],"curies":[{"name":"wp","href":"https:\/\/api.w.org\/{rel}","templated":true}]}}