{"id":1025,"date":"2020-03-22T06:53:03","date_gmt":"2020-03-22T06:53:03","guid":{"rendered":"https:\/\/zupnija-menges.rkc.si\/?page_id=1025"},"modified":"2022-12-23T21:34:08","modified_gmt":"2022-12-23T21:34:08","slug":"stik","status":"publish","type":"page","link":"https:\/\/zupnija-menges.rkc.si\/index.php\/stik\/","title":{"rendered":"Stik"},"content":{"rendered":"<aside id=\"text-6\" class=\"widget widget_text\">\n<h3 class=\"widget-title\">\u017dUPNIJA MENGE\u0160<\/h3>\n<div class=\"textwidget\">\n<p>Trdinov trg 9<br \/>\n1234 Menge\u0161<br \/>\nTelefon: 01 723 01 10<br \/>\ne-po\u0161ta: zupnija.menges@rkc.si<\/p>\n<p>Poslovni ra\u010dun<br \/>\nSI56 0230 1009 1305 775, NLB<\/p>\n<\/div>\n<\/aside>\n<aside id=\"text-8\" class=\"widget widget_text\">\n<h3 class=\"widget-title\">SVETE MA\u0160E<\/h3>\n<div class=\"textwidget\">\n<p><strong>letni \u010das<\/strong><br \/>\nNedelja: 8.00, 10.00 in 19.00<br \/>\nDelavniki: 19.00<\/p>\n<p><strong>zimski \u010das:<\/strong><br \/>\nNedelja: 8.00, 10.00 in 18.00<br \/>\nDelavniki: 18.00<\/p>\n<\/div>\n<\/aside>\n<aside id=\"text-7\" class=\"widget widget_text\">\n<h3 class=\"widget-title\">\u017dUPNIJSKA PISARNA<\/h3>\n<div class=\"textwidget\">\n<p>Marko Ko\u0161ir, \u017eupnik<\/p>\n<p>Ponedeljek in torek med 8.15 in 9.00,<br \/>\nvsak ve\u010der po sveti ma\u0161i,<br \/>\npo predhodnem dogovoru.<\/p>\n<\/div>\n<\/aside>\n","protected":false},"excerpt":{"rendered":"<p>\u017dUPNIJA MENGE\u0160 Trdinov trg 9 1234 Menge\u0161 Telefon: 01 723 01 10 e-po\u0161ta: zupnija.menges@rkc.si Poslovni ra\u010dun SI56 0230 1009 1305 775, NLB SVETE MA\u0160E letni \u010das Nedelja: 8.00, 10.00 in [&hellip;]<\/p>\n","protected":false},"author":2,"featured_media":0,"parent":0,"menu_order":0,"comment_status":"closed","ping_status":"closed","template":"","meta":[],"yoast_head":"<!-- This site is optimized with the Yoast SEO plugin v20.5 - https:\/\/yoast.com\/wordpress\/plugins\/seo\/ -->\n<title>Stik - \u017dupnija Menge\u0161<\/title>\n<meta name=\"robots\" content=\"index, follow, max-snippet:-1, max-image-preview:large, max-video-preview:-1\" \/>\n<link rel=\"canonical\" href=\"https:\/\/zupnija-menges.rkc.si\/index.php\/stik\/\" \/>\n<meta property=\"og:locale\" content=\"sl_SI\" \/>\n<meta property=\"og:type\" content=\"article\" \/>\n<meta property=\"og:title\" content=\"Stik - \u017dupnija Menge\u0161\" \/>\n<meta property=\"og:description\" content=\"\u017dUPNIJA MENGE\u0160 Trdinov trg 9 1234 Menge\u0161 Telefon: 01 723 01 10 e-po\u0161ta: zupnija.menges@rkc.si Poslovni ra\u010dun SI56 0230 1009 1305 775, NLB SVETE MA\u0160E letni \u010das Nedelja: 8.00, 10.00 in [&hellip;]\" \/>\n<meta property=\"og:url\" content=\"https:\/\/zupnija-menges.rkc.si\/index.php\/stik\/\" \/>\n<meta property=\"og:site_name\" content=\"\u017dupnija Menge\u0161\" \/>\n<meta property=\"article:modified_time\" content=\"2022-12-23T21:34:08+00:00\" \/>\n<meta name=\"twitter:card\" content=\"summary_large_image\" \/>\n<meta name=\"twitter:label1\" content=\"Est. reading time\" \/>\n\t<meta name=\"twitter:data1\" content=\"1 minuta\" \/>\n<script type=\"application\/ld+json\" class=\"yoast-schema-graph\">{\"@context\":\"https:\/\/schema.org\",\"@graph\":[{\"@type\":\"WebPage\",\"@id\":\"https:\/\/zupnija-menges.rkc.si\/index.php\/stik\/\",\"url\":\"https:\/\/zupnija-menges.rkc.si\/index.php\/stik\/\",\"name\":\"Stik - \u017dupnija Menge\u0161\",\"isPartOf\":{\"@id\":\"https:\/\/zupnija-menges.rkc.si\/#website\"},\"datePublished\":\"2020-03-22T06:53:03+00:00\",\"dateModified\":\"2022-12-23T21:34:08+00:00\",\"breadcrumb\":{\"@id\":\"https:\/\/zupnija-menges.rkc.si\/index.php\/stik\/#breadcrumb\"},\"inLanguage\":\"sl-SI\",\"potentialAction\":[{\"@type\":\"ReadAction\",\"target\":[\"https:\/\/zupnija-menges.rkc.si\/index.php\/stik\/\"]}]},{\"@type\":\"BreadcrumbList\",\"@id\":\"https:\/\/zupnija-menges.rkc.si\/index.php\/stik\/#breadcrumb\",\"itemListElement\":[{\"@type\":\"ListItem\",\"position\":1,\"name\":\"Home\",\"item\":\"https:\/\/zupnija-menges.rkc.si\/\"},{\"@type\":\"ListItem\",\"position\":2,\"name\":\"Stik\"}]},{\"@type\":\"WebSite\",\"@id\":\"https:\/\/zupnija-menges.rkc.si\/#website\",\"url\":\"https:\/\/zupnija-menges.rkc.si\/\",\"name\":\"\u017dupnija Menge\u0161\",\"description\":\"\",\"potentialAction\":[{\"@type\":\"SearchAction\",\"target\":{\"@type\":\"EntryPoint\",\"urlTemplate\":\"https:\/\/zupnija-menges.rkc.si\/?s={search_term_string}\"},\"query-input\":\"required name=search_term_string\"}],\"inLanguage\":\"sl-SI\"}]}<\/script>\n<!-- \/ Yoast SEO plugin. -->","yoast_head_json":{"title":"Stik - \u017dupnija Menge\u0161","robots":{"index":"index","follow":"follow","max-snippet":"max-snippet:-1","max-image-preview":"max-image-preview:large","max-video-preview":"max-video-preview:-1"},"canonical":"https:\/\/zupnija-menges.rkc.si\/index.php\/stik\/","og_locale":"sl_SI","og_type":"article","og_title":"Stik - \u017dupnija Menge\u0161","og_description":"\u017dUPNIJA MENGE\u0160 Trdinov trg 9 1234 Menge\u0161 Telefon: 01 723 01 10 e-po\u0161ta: zupnija.menges@rkc.si Poslovni ra\u010dun SI56 0230 1009 1305 775, NLB SVETE MA\u0160E letni \u010das Nedelja: 8.00, 10.00 in [&hellip;]","og_url":"https:\/\/zupnija-menges.rkc.si\/index.php\/stik\/","og_site_name":"\u017dupnija Menge\u0161","article_modified_time":"2022-12-23T21:34:08+00:00","twitter_card":"summary_large_image","twitter_misc":{"Est. reading time":"1 minuta"},"schema":{"@context":"https:\/\/schema.org","@graph":[{"@type":"WebPage","@id":"https:\/\/zupnija-menges.rkc.si\/index.php\/stik\/","url":"https:\/\/zupnija-menges.rkc.si\/index.php\/stik\/","name":"Stik - \u017dupnija Menge\u0161","isPartOf":{"@id":"https:\/\/zupnija-menges.rkc.si\/#website"},"datePublished":"2020-03-22T06:53:03+00:00","dateModified":"2022-12-23T21:34:08+00:00","breadcrumb":{"@id":"https:\/\/zupnija-menges.rkc.si\/index.php\/stik\/#breadcrumb"},"inLanguage":"sl-SI","potentialAction":[{"@type":"ReadAction","target":["https:\/\/zupnija-menges.rkc.si\/index.php\/stik\/"]}]},{"@type":"BreadcrumbList","@id":"https:\/\/zupnija-menges.rkc.si\/index.php\/stik\/#breadcrumb","itemListElement":[{"@type":"ListItem","position":1,"name":"Home","item":"https:\/\/zupnija-menges.rkc.si\/"},{"@type":"ListItem","position":2,"name":"Stik"}]},{"@type":"WebSite","@id":"https:\/\/zupnija-menges.rkc.si\/#website","url":"https:\/\/zupnija-menges.rkc.si\/","name":"\u017dupnija Menge\u0161","description":"","potentialAction":[{"@type":"SearchAction","target":{"@type":"EntryPoint","urlTemplate":"https:\/\/zupnija-menges.rkc.si\/?s={search_term_string}"},"query-input":"required name=search_term_string"}],"inLanguage":"sl-SI"}]}},"_links":{"self":[{"href":"https:\/\/zupnija-menges.rkc.si\/index.php\/wp-json\/wp\/v2\/pages\/1025"}],"collection":[{"href":"https:\/\/zupnija-menges.rkc.si\/index.php\/wp-json\/wp\/v2\/pages"}],"about":[{"href":"https:\/\/zupnija-menges.rkc.si\/index.php\/wp-json\/wp\/v2\/types\/page"}],"author":[{"embeddable":true,"href":"https:\/\/zupnija-menges.rkc.si\/index.php\/wp-json\/wp\/v2\/users\/2"}],"replies":[{"embeddable":true,"href":"https:\/\/zupnija-menges.rkc.si\/index.php\/wp-json\/wp\/v2\/comments?post=1025"}],"version-history":[{"count":9,"href":"https:\/\/zupnija-menges.rkc.si\/index.php\/wp-json\/wp\/v2\/pages\/1025\/revisions"}],"predecessor-version":[{"id":2332,"href":"https:\/\/zupnija-menges.rkc.si\/index.php\/wp-json\/wp\/v2\/pages\/1025\/revisions\/2332"}],"wp:attachment":[{"href":"https:\/\/zupnija-menges.rkc.si\/index.php\/wp-json\/wp\/v2\/media?parent=1025"}],"curies":[{"name":"wp","href":"https:\/\/api.w.org\/{rel}","templated":true}]}}